{"id":200,"date":"2022-09-08T05:18:37","date_gmt":"2022-09-08T05:18:37","guid":{"rendered":"https:\/\/delicias.lt\/?post_type=product&#038;p=200"},"modified":"2024-01-30T12:00:06","modified_gmt":"2024-01-30T12:00:06","slug":"fish","status":"publish","type":"product","link":"https:\/\/delicias.lt\/en\/produktas\/fish\/","title":{"rendered":"FISH"},"content":{"rendered":"","protected":false},"excerpt":{"rendered":"<p>Prieskoni\u0173 mi\u0161inys \u017euviai<\/p>\n","protected":false},"featured_media":201,"template":"","meta":{"inline_featured_image":false},"product_brand":[],"product_cat":[22],"product_tag":[],"class_list":{"0":"post-200","1":"product","2":"type-product","3":"status-publish","4":"has-post-thumbnail","6":"item-neastrus","7":"product_cat-prieskoniai","9":"first","10":"instock","11":"taxable","12":"shipping-taxable","13":"purchasable","14":"product-type-simple"},"acf":[],"_links":{"self":[{"href":"https:\/\/delicias.lt\/en\/wp-json\/wp\/v2\/product\/200","targetHints":{"allow":["GET"]}}],"collection":[{"href":"https:\/\/delicias.lt\/en\/wp-json\/wp\/v2\/product"}],"about":[{"href":"https:\/\/delicias.lt\/en\/wp-json\/wp\/v2\/types\/product"}],"wp:featuredmedia":[{"embeddable":true,"href":"https:\/\/delicias.lt\/en\/wp-json\/wp\/v2\/media\/201"}],"wp:attachment":[{"href":"https:\/\/delicias.lt\/en\/wp-json\/wp\/v2\/media?parent=200"}],"wp:term":[{"taxonomy":"product_brand","embeddable":true,"href":"https:\/\/delicias.lt\/en\/wp-json\/wp\/v2\/product_brand?post=200"},{"taxonomy":"product_cat","embeddable":true,"href":"https:\/\/delicias.lt\/en\/wp-json\/wp\/v2\/product_cat?post=200"},{"taxonomy":"product_tag","embeddable":true,"href":"https:\/\/delicias.lt\/en\/wp-json\/wp\/v2\/product_tag?post=200"}],"curies":[{"name":"wp","href":"https:\/\/api.w.org\/{rel}","templated":true}]}}